{"id":1697,"date":"2017-09-01T12:04:45","date_gmt":"2017-09-01T15:04:45","guid":{"rendered":"http:\/\/ppgec.poli.usp.br\/?page_id=1697"},"modified":"2024-06-19T14:04:56","modified_gmt":"2024-06-19T17:04:56","slug":"procedimento-para-solicitacao-e-utilizacao-de-verba-proap","status":"publish","type":"page","link":"https:\/\/ppgec.poli.usp.br\/en\/procedimentos-programa\/procedimento-para-solicitacao-e-utilizacao-de-verba-proap\/","title":{"rendered":"Solicita\u00e7\u00e3o de aux\u00edlio financeiro para a participa\u00e7\u00e3o de alunos em eventos cient\u00edficos"},"content":{"rendered":"<p class=\"qtranxs-available-languages-message qtranxs-available-languages-message-en\">Sorry, this entry is only available in <a href=\"https:\/\/ppgec.poli.usp.br\/pb\/wp-json\/wp\/v2\/pages\/1697\" class=\"qtranxs-available-language-link qtranxs-available-language-link-pb\" title=\"Portugu\u00eas do Brasil\">Portugu\u00eas do Brasil<\/a>.<\/p>","protected":false},"excerpt":{"rendered":"<p>Sorry, this entry is only available in Portugu\u00eas do Brasil.<\/p>\n","protected":false},"author":259,"featured_media":0,"parent":1272,"menu_order":4,"comment_status":"closed","ping_status":"closed","template":"","meta":{"footnotes":"","_links_to":"","_links_to_target":""},"class_list":["post-1697","page","type-page","status-publish","hentry"],"_links":{"self":[{"href":"https:\/\/ppgec.poli.usp.br\/en\/wp-json\/wp\/v2\/pages\/1697","targetHints":{"allow":["GET"]}}],"collection":[{"href":"https:\/\/ppgec.poli.usp.br\/en\/wp-json\/wp\/v2\/pages"}],"about":[{"href":"https:\/\/ppgec.poli.usp.br\/en\/wp-json\/wp\/v2\/types\/page"}],"author":[{"embeddable":true,"href":"https:\/\/ppgec.poli.usp.br\/en\/wp-json\/wp\/v2\/users\/259"}],"replies":[{"embeddable":true,"href":"https:\/\/ppgec.poli.usp.br\/en\/wp-json\/wp\/v2\/comments?post=1697"}],"version-history":[{"count":4,"href":"https:\/\/ppgec.poli.usp.br\/en\/wp-json\/wp\/v2\/pages\/1697\/revisions"}],"predecessor-version":[{"id":5623,"href":"https:\/\/ppgec.poli.usp.br\/en\/wp-json\/wp\/v2\/pages\/1697\/revisions\/5623"}],"up":[{"embeddable":true,"href":"https:\/\/ppgec.poli.usp.br\/en\/wp-json\/wp\/v2\/pages\/1272"}],"wp:attachment":[{"href":"https:\/\/ppgec.poli.usp.br\/en\/wp-json\/wp\/v2\/media?parent=1697"}],"curies":[{"name":"wp","href":"https:\/\/api.w.org\/{rel}","templated":true}]}}