{"id":1235,"date":"2017-06-23T09:49:05","date_gmt":"2017-06-23T12:49:05","guid":{"rendered":"http:\/\/sites.usp.br\/ppgec\/?page_id=1235"},"modified":"2026-03-27T14:06:28","modified_gmt":"2026-03-27T17:06:28","slug":"datas-das-reunioes-da-ccp-e-cpg","status":"publish","type":"page","link":"https:\/\/ppgec.poli.usp.br\/pb\/programa\/calendario\/datas-das-reunioes-da-ccp-e-cpg\/","title":{"rendered":"Datas das reuni\u00f5es da CCP e CPG"},"content":{"rendered":"<p><span style=\"color: #000000;\"><strong>CALEND\u00c1RIO DE REUNI\u00d5ES -2026<\/strong><\/span><\/p>\n<p><span style=\"color: #000000;\"><strong>CCP CIVIL E CPG<\/strong><\/span><\/p>\n<p>&nbsp;<\/p>\n<table style=\"height: 730px; width: 66.4246%; border-collapse: collapse; border-style: solid; border-color: #f7c01b;\" border=\"20\">\n<tbody>\n<tr style=\"border-style: solid; border-color: #000000;\">\n<td style=\"width: 12.0333%; height: 170px; border-style: solid; border-color: #000000; text-align: center;\" width=\"151\">\n<h3><strong>CCP (Civil)<\/strong><\/h3>\n<h3><strong>Reuni\u00f5es<\/strong><\/h3>\n<h3><\/h3>\n<\/td>\n<td style=\"width: 10.4732%; height: 170px; border-style: solid; border-color: #000000; text-align: center;\" width=\"189\">\n<h3><strong>CCP<\/strong><\/h3>\n<h3><strong>Prazo para entrega de documentos para a pauta<\/strong><\/h3>\n<\/td>\n<td style=\"width: 2.95264%; height: 170px; border-style: solid; border-color: #000000; text-align: center;\" width=\"132\">\n<h3><strong>CPG (ADM)<\/strong><\/h3>\n<h3><strong>Reuni\u00f5es<\/strong><\/h3>\n<\/td>\n<td style=\"width: 16.4305%; height: 170px; border-style: solid; border-color: #000000; text-align: center;\" width=\"198\">\n<h3>CPG<\/h3>\n<h3>Prazo para entrega de documentos para a pauta<\/h3>\n<\/td>\n<\/tr>\n<tr style=\"border-style: solid; border-color: #000000;\">\n<td style=\"width: 12.0333%; height: 56px; border-style: solid; border-color: #000000; text-align: center;\" width=\"151\">16 \u2013 Janeiro<\/td>\n<td style=\"width: 10.4732%; height: 56px; border-style: solid; border-color: #000000; text-align: center;\" width=\"189\">09 \u2013 Janeiro<\/td>\n<td style=\"width: 2.95264%; text-align: center; height: 56px;\" width=\"142\">09 \u2013 Fevereiro<\/td>\n<td style=\"width: 16.4305%; text-align: center; height: 56px;\" width=\"180\">02 \u2013 Fevereiro<\/td>\n<\/tr>\n<tr style=\"border-style: solid; border-color: #000000;\">\n<td style=\"width: 12.0333%; height: 56px; border-style: solid; border-color: #000000; text-align: center;\" width=\"151\">20 \u2013 Fevereiro<\/td>\n<td style=\"width: 10.4732%; height: 56px; border-style: solid; border-color: #000000; text-align: center;\" width=\"189\">13 \u2013 Fevereiro<\/td>\n<td style=\"width: 2.95264%; text-align: center; height: 56px;\" width=\"142\">09 \u2013 Mar\u00e7o<\/td>\n<td style=\"width: 16.4305%; text-align: center; height: 56px;\" width=\"180\">02 \u2013 Mar\u00e7o<\/td>\n<\/tr>\n<tr style=\"border-style: solid; border-color: #000000;\">\n<td style=\"width: 12.0333%; height: 56px; border-style: solid; border-color: #000000; text-align: center;\" width=\"151\">27 \u2013 Mar\u00e7o<\/td>\n<td style=\"width: 10.4732%; height: 56px; border-style: solid; border-color: #000000; text-align: center;\" width=\"189\">20 \u2013 Mar\u00e7o<\/td>\n<td style=\"width: 2.95264%; text-align: center; height: 56px;\" width=\"142\">13 \u2013 Abril<\/td>\n<td style=\"width: 16.4305%; text-align: center; height: 56px;\" width=\"180\">06 \u2013 Abril<\/td>\n<\/tr>\n<tr style=\"border-style: solid; border-color: #000000;\">\n<td style=\"width: 12.0333%; height: 56px; border-style: solid; border-color: #000000; text-align: center;\" width=\"151\">24 &#8211; Abril<\/td>\n<td style=\"width: 10.4732%; height: 56px; border-style: solid; border-color: #000000; text-align: center;\" width=\"189\">17 \u2013 Abril<\/td>\n<td style=\"width: 2.95264%; height: 56px; border-style: solid; border-color: #000000; text-align: center;\" width=\"132\">11 \u2013 Maio<\/td>\n<td style=\"width: 16.4305%; height: 56px; border-style: solid; border-color: #000000; text-align: center;\" width=\"198\">04 \u2013 Maio<\/td>\n<\/tr>\n<tr style=\"border-style: solid; border-color: #000000;\">\n<td style=\"width: 12.0333%; height: 56px; border-style: solid; border-color: #000000; text-align: center;\" width=\"151\">29 &#8211; Maio<\/td>\n<td style=\"width: 10.4732%; height: 56px; border-style: solid; border-color: #000000; text-align: center;\" width=\"189\">22 &#8211; Maio<\/td>\n<td style=\"width: 2.95264%; height: 56px; border-style: solid; border-color: #000000; text-align: center;\" width=\"132\">15 \u2013 Junho<\/td>\n<td style=\"width: 16.4305%; height: 56px; border-style: solid; border-color: #000000; text-align: center;\" width=\"198\">08 \u2013 Junho<\/td>\n<\/tr>\n<tr style=\"border-style: solid; border-color: #000000;\">\n<td style=\"width: 12.0333%; height: 56px; border-style: solid; border-color: #000000; text-align: center;\" width=\"151\">26 &#8211; Junho<\/td>\n<td style=\"width: 10.4732%; height: 56px; border-style: solid; border-color: #000000; text-align: center;\" width=\"189\">19 &#8211; Junho<\/td>\n<td style=\"width: 2.95264%; height: 56px; border-style: solid; border-color: #000000; text-align: center;\" width=\"132\">10 \u2013 Agosto<\/td>\n<td style=\"width: 16.4305%; height: 56px; border-style: solid; border-color: #000000; text-align: center;\" width=\"198\">03 \u2013 Agosto<\/td>\n<\/tr>\n<tr style=\"border-style: solid; border-color: #000000;\">\n<td style=\"width: 12.0333%; height: 56px; border-style: solid; border-color: #000000; text-align: center;\" width=\"151\">28 \u2013Agosto<\/td>\n<td style=\"width: 10.4732%; height: 56px; border-style: solid; border-color: #000000; text-align: center;\" width=\"189\">21 \u2013 Agosto<\/td>\n<td style=\"width: 2.95264%; height: 56px; border-style: solid; border-color: #000000; text-align: center;\" width=\"132\">14 \u2013 Setembro<\/td>\n<td style=\"width: 16.4305%; height: 56px; border-style: solid; border-color: #000000; text-align: center;\" width=\"198\">04 \u2013 Setembro<\/td>\n<\/tr>\n<tr style=\"border-style: solid; border-color: #000000;\">\n<td style=\"width: 12.0333%; height: 56px; border-style: solid; border-color: #000000; text-align: center;\" width=\"151\">25 \u2013Setembro<\/td>\n<td style=\"width: 10.4732%; height: 56px; border-style: solid; border-color: #000000; text-align: center;\" width=\"189\">18 \u2013 Setembro<\/td>\n<td style=\"width: 2.95264%; height: 56px; border-style: solid; border-color: #000000; text-align: center;\" width=\"132\">19 \u2013 Outubro<\/td>\n<td style=\"width: 16.4305%; height: 56px; border-style: solid; border-color: #000000; text-align: center;\" width=\"198\">09 \u2013 Outubro<\/td>\n<\/tr>\n<tr style=\"border-style: solid; border-color: #000000;\">\n<td style=\"width: 12.0333%; height: 56px; border-style: solid; border-color: #000000; text-align: center;\" width=\"151\">30 \u2013Outubro<\/td>\n<td style=\"width: 10.4732%; height: 56px; border-style: solid; border-color: #000000; text-align: center;\" width=\"189\">23 \u2013 Outubro<\/td>\n<td style=\"width: 2.95264%; height: 56px; border-style: solid; border-color: #000000; text-align: center;\" width=\"132\">16 \u2013 Novembro<\/td>\n<td style=\"width: 16.4305%; height: 56px; border-style: solid; border-color: #000000; text-align: center;\" width=\"198\">09 &#8211; Novembro<\/td>\n<\/tr>\n<tr style=\"border-style: solid; border-color: #000000;\">\n<td style=\"width: 12.0333%; height: 56px; border-style: solid; border-color: #000000; text-align: center;\" width=\"151\">27 \u2013 Novembro<\/td>\n<td style=\"width: 10.4732%; height: 56px; border-style: solid; border-color: #000000; text-align: center;\" width=\"189\">20 \u2013 Novembro<\/td>\n<td style=\"width: 2.95264%; height: 56px; border-style: solid; border-color: #000000; text-align: center;\" width=\"132\"><\/td>\n<td style=\"width: 16.4305%; height: 56px; border-style: solid; border-color: #000000; text-align: center;\" width=\"198\"><\/td>\n<\/tr>\n<\/tbody>\n<\/table>\n<p><!--more--><\/p>\n<p><!--more--><\/p>\n<h3><\/h3>\n<p><\/p>","protected":false},"excerpt":{"rendered":"<p>CALEND\u00c1RIO DE REUNI\u00d5ES -2026 CCP CIVIL E CPG &nbsp; CCP (Civil) Reuni\u00f5es CCP Prazo para [&hellip;]<\/p>\n","protected":false},"author":259,"featured_media":0,"parent":1242,"menu_order":1,"comment_status":"closed","ping_status":"closed","template":"","meta":{"footnotes":"","_links_to":"","_links_to_target":""},"class_list":["post-1235","page","type-page","status-publish","hentry"],"_links":{"self":[{"href":"https:\/\/ppgec.poli.usp.br\/pb\/wp-json\/wp\/v2\/pages\/1235","targetHints":{"allow":["GET"]}}],"collection":[{"href":"https:\/\/ppgec.poli.usp.br\/pb\/wp-json\/wp\/v2\/pages"}],"about":[{"href":"https:\/\/ppgec.poli.usp.br\/pb\/wp-json\/wp\/v2\/types\/page"}],"author":[{"embeddable":true,"href":"https:\/\/ppgec.poli.usp.br\/pb\/wp-json\/wp\/v2\/users\/259"}],"replies":[{"embeddable":true,"href":"https:\/\/ppgec.poli.usp.br\/pb\/wp-json\/wp\/v2\/comments?post=1235"}],"version-history":[{"count":2,"href":"https:\/\/ppgec.poli.usp.br\/pb\/wp-json\/wp\/v2\/pages\/1235\/revisions"}],"predecessor-version":[{"id":6763,"href":"https:\/\/ppgec.poli.usp.br\/pb\/wp-json\/wp\/v2\/pages\/1235\/revisions\/6763"}],"up":[{"embeddable":true,"href":"https:\/\/ppgec.poli.usp.br\/pb\/wp-json\/wp\/v2\/pages\/1242"}],"wp:attachment":[{"href":"https:\/\/ppgec.poli.usp.br\/pb\/wp-json\/wp\/v2\/media?parent=1235"}],"curies":[{"name":"wp","href":"https:\/\/api.w.org\/{rel}","templated":true}]}}