{"id":1531,"date":"2017-07-20T08:22:31","date_gmt":"2017-07-20T11:22:31","guid":{"rendered":"http:\/\/ppgec.poli.usp.br\/?page_id=1531"},"modified":"2017-07-20T09:34:35","modified_gmt":"2017-07-20T12:34:35","slug":"funcionarios","status":"publish","type":"page","link":"https:\/\/ppgec.poli.usp.br\/pb\/membros\/funcionarios\/","title":{"rendered":"Funcion\u00e1rios"},"content":{"rendered":"<p><\/p>\n<h3><span style=\"color: #000000\"><strong>Secretaria do Programa de P\u00f3s-Gradua\u00e7\u00e3o em Engenharia Civil<\/strong><\/span><\/h3>\n<p>posgradcivil@usp.br<\/p>\n<p>&nbsp;<\/p>\n<table style=\"height: 244px\" width=\"642\">\n<tbody>\n<tr>\n<td>Eliany Cristina Ortiz Funari \/ Depto. de Engenharia de Constru\u00e7\u00e3o Civil e Urbana (PCC)<\/td>\n<\/tr>\n<tr>\n<td style=\"vertical-align: bottom\"><a href=\"\/\/ppgec.poli.usp.br\/wp-content\/uploads\/sites\/277\/2017\/07\/Eliany.jpg\"><img loading=\"lazy\" decoding=\"async\" class=\"alignleft wp-image-1533\" src=\"\/\/ppgec.poli.usp.br\/wp-content\/uploads\/sites\/277\/2017\/07\/Eliany.jpg\" alt=\"\" width=\"149\" height=\"199\" \/><\/a><\/p>\n<p>&nbsp;<\/p>\n<p>&nbsp;<\/p>\n<p>&nbsp;<\/p>\n<p>3091-5234<\/td>\n<\/tr>\n<tr>\n<td>Bete Addono \/ Depto. de Engenharia de Estruturas e Geot\u00e9cnica (PEF)<\/td>\n<\/tr>\n<tr>\n<td><a href=\"\/\/ppgec.poli.usp.br\/wp-content\/uploads\/sites\/277\/2017\/07\/Bete.jpg\"><img loading=\"lazy\" decoding=\"async\" class=\"alignleft wp-image-1534\" src=\"\/\/ppgec.poli.usp.br\/wp-content\/uploads\/sites\/277\/2017\/07\/Bete.jpg\" alt=\"\" width=\"145\" height=\"203\" srcset=\"https:\/\/ppgec.poli.usp.br\/wp-content\/uploads\/sites\/277\/2017\/07\/Bete.jpg 286w, https:\/\/ppgec.poli.usp.br\/wp-content\/uploads\/sites\/277\/2017\/07\/Bete-214x300.jpg 214w\" sizes=\"auto, (max-width: 145px) 100vw, 145px\" \/><\/a><\/p>\n<p>&nbsp;<\/p>\n<p>&nbsp;<\/p>\n<p>&nbsp;<\/p>\n<p>3091-5680<\/td>\n<\/tr>\n<tr>\n<td>Wandr\u00e9a Dantas \/ Depto. de Engenharia Hidr\u00e1ulica e Ambiental (PHA)<\/td>\n<\/tr>\n<tr>\n<td><a href=\"\/\/ppgec.poli.usp.br\/wp-content\/uploads\/sites\/277\/2017\/07\/Wandr\u00e9a.jpg\"><img loading=\"lazy\" decoding=\"async\" class=\"alignleft wp-image-1537\" src=\"\/\/ppgec.poli.usp.br\/wp-content\/uploads\/sites\/277\/2017\/07\/Wandr\u00e9a.jpg\" alt=\"\" width=\"171\" height=\"208\" srcset=\"https:\/\/ppgec.poli.usp.br\/wp-content\/uploads\/sites\/277\/2017\/07\/Wandr\u00e9a.jpg 2001w, https:\/\/ppgec.poli.usp.br\/wp-content\/uploads\/sites\/277\/2017\/07\/Wandr\u00e9a-246x300.jpg 246w, https:\/\/ppgec.poli.usp.br\/wp-content\/uploads\/sites\/277\/2017\/07\/Wandr\u00e9a-768x937.jpg 768w, https:\/\/ppgec.poli.usp.br\/wp-content\/uploads\/sites\/277\/2017\/07\/Wandr\u00e9a-839x1024.jpg 839w, https:\/\/ppgec.poli.usp.br\/wp-content\/uploads\/sites\/277\/2017\/07\/Wandr\u00e9a-400x488.jpg 400w\" sizes=\"auto, (max-width: 171px) 100vw, 171px\" \/><\/a><\/p>\n<p>&nbsp;<\/p>\n<p>&nbsp;<\/p>\n<p>&nbsp;<\/p>\n<p>3091-5529<\/td>\n<\/tr>\n<\/tbody>\n<\/table>\n<p>&nbsp;<\/p>\n<p>&nbsp;<\/p>\n<p>&nbsp;<\/p>\n<p>&nbsp;<\/p>\n<p>&nbsp;<\/p>\n<p>&nbsp;<\/p>\n<p>&nbsp;<\/p>\n<p>&nbsp;<\/p>\n<p>&nbsp;<\/p>\n<p>&nbsp;<\/p>\n<p>&nbsp;<\/p>\n<p>&nbsp;<\/p>\n<p>&nbsp;<\/p>\n<p>&nbsp;<\/p>\n<p>&nbsp;<\/p>\n<p>&nbsp;<\/p>\n<p>&nbsp;<\/p>\n<p>&nbsp;<\/p>\n<p>&nbsp;<\/p>\n<p>&nbsp;<\/p>\n<p>&nbsp;<\/p>","protected":false},"excerpt":{"rendered":"<p>Secretaria do Programa de P\u00f3s-Gradua\u00e7\u00e3o em Engenharia Civil posgradcivil@usp.br &nbsp; Eliany Cristina Ortiz Funari \/ [&hellip;]<\/p>\n","protected":false},"author":259,"featured_media":0,"parent":989,"menu_order":3,"comment_status":"closed","ping_status":"closed","template":"","meta":{"footnotes":"","_links_to":"","_links_to_target":""},"class_list":["post-1531","page","type-page","status-publish","hentry"],"_links":{"self":[{"href":"https:\/\/ppgec.poli.usp.br\/pb\/wp-json\/wp\/v2\/pages\/1531","targetHints":{"allow":["GET"]}}],"collection":[{"href":"https:\/\/ppgec.poli.usp.br\/pb\/wp-json\/wp\/v2\/pages"}],"about":[{"href":"https:\/\/ppgec.poli.usp.br\/pb\/wp-json\/wp\/v2\/types\/page"}],"author":[{"embeddable":true,"href":"https:\/\/ppgec.poli.usp.br\/pb\/wp-json\/wp\/v2\/users\/259"}],"replies":[{"embeddable":true,"href":"https:\/\/ppgec.poli.usp.br\/pb\/wp-json\/wp\/v2\/comments?post=1531"}],"version-history":[{"count":4,"href":"https:\/\/ppgec.poli.usp.br\/pb\/wp-json\/wp\/v2\/pages\/1531\/revisions"}],"predecessor-version":[{"id":1545,"href":"https:\/\/ppgec.poli.usp.br\/pb\/wp-json\/wp\/v2\/pages\/1531\/revisions\/1545"}],"up":[{"embeddable":true,"href":"https:\/\/ppgec.poli.usp.br\/pb\/wp-json\/wp\/v2\/pages\/989"}],"wp:attachment":[{"href":"https:\/\/ppgec.poli.usp.br\/pb\/wp-json\/wp\/v2\/media?parent=1531"}],"curies":[{"name":"wp","href":"https:\/\/api.w.org\/{rel}","templated":true}]}}