{"id":2883,"date":"2019-05-15T09:28:45","date_gmt":"2019-05-15T12:28:45","guid":{"rendered":"http:\/\/ppgec.poli.usp.br\/?page_id=2883"},"modified":"2021-03-12T12:06:26","modified_gmt":"2021-03-12T15:06:26","slug":"objetivos","status":"publish","type":"page","link":"https:\/\/ppgec.poli.usp.br\/pb\/programa\/objetivos\/","title":{"rendered":"Objetivos"},"content":{"rendered":"<p><\/p>\n<p style=\"text-align: justify;\">O Programa de P\u00f3s-Gradua\u00e7\u00e3o em Engenharia Civil \u2013 PPGEC \u2013 tem por objetivo formar Mestres e Doutores capazes de detectar as necessidades relevantes da sociedade brasileira e propor solu\u00e7\u00f5es e m\u00e9todos inovadores nas \u00e1reas de Engenharia de Constru\u00e7\u00e3o Civil e Urbana, Engenharia de Estruturas, Engenharia Geot\u00e9cnica e Engenharia Hidr\u00e1ulica e Ambiental. O Programa visa capacitar pesquisadores de ponta para atuar tanto em atividades acad\u00eamicas de ensino e pesquisa quanto em pesquisas aplicadas do setor industrial e de mercado.<\/p>\n<p style=\"text-align: justify;\">O curso de p\u00f3s-gradua\u00e7\u00e3o em n\u00edvel de Mestrado visa o dom\u00ednio e realiza\u00e7\u00e3o de trabalho t\u00e9cnico-cient\u00edfico em \u00e1rea espec\u00edfica do conhecimento. Sob supervis\u00e3o do orientador, o candidato deve desenvolver atividades de pesquisa e, de modo aut\u00f4nomo, sistematizar os conhecimentos adquiridos.<\/p>\n<p style=\"text-align: justify;\">O curso de p\u00f3s-gradua\u00e7\u00e3o em n\u00edvel de Doutorado visa o dom\u00ednio pleno e a realiza\u00e7\u00e3o de trabalho t\u00e9cnico-cient\u00edfico com criatividade e esp\u00edrito inovador em uma \u00e1rea espec\u00edfica do conhecimento. Sob supervis\u00e3o do orientador, o candidato deve demonstrar a capacidade de ampliar as fronteiras do conhecimento, desenvolver atividades de pesquisa e de modo aut\u00f4nomo sistematizar os conhecimentos adquiridos.<\/p>\n<p style=\"text-align: justify;\">Desde suas origens, o Programa mant\u00e9m estreita liga\u00e7\u00e3o com a sociedade. Seus docentes realizam regularmente atividades de pesquisa e extens\u00e3o junto a \u00f3rg\u00e3os governamentais, empresas p\u00fablicas e privadas, na maioria das vezes com a participa\u00e7\u00e3o direta de seu corpo discente.<\/p>\n<p style=\"text-align: justify;\">Aos alunos s\u00e3o oferecidas facilidades como bolsas de estudo, aux\u00edlio \u00e0 participa\u00e7\u00e3o em eventos cient\u00edficos, al\u00e9m de uma ampla infraestrutura laboratorial e de apoio \u00e0 investiga\u00e7\u00e3o cient\u00edfica atrav\u00e9s de conv\u00eanios de pesquisa e de coopera\u00e7\u00e3o tecnol\u00f3gica com o setor p\u00fablico e privado, universidades, institutos de pesquisa e \u00f3rg\u00e3os de fomento, como CAPES, CNPq, FINEP e FAPESP. Nos \u00faltimos anos, o Programa vem estabelecendo conv\u00eanios de interc\u00e2mbio com universidades estrangeiras parceiras garantindo maior visibilidade internacional \u00e0s pesquisas de seus alunos e docentes.<\/p>\n<p><\/p>","protected":false},"excerpt":{"rendered":"<p>O Programa de P\u00f3s-Gradua\u00e7\u00e3o em Engenharia Civil \u2013 PPGEC \u2013 tem por objetivo formar Mestres [&hellip;]<\/p>\n","protected":false},"author":259,"featured_media":0,"parent":982,"menu_order":2,"comment_status":"closed","ping_status":"closed","template":"","meta":{"footnotes":"","_links_to":"","_links_to_target":""},"class_list":["post-2883","page","type-page","status-publish","hentry"],"_links":{"self":[{"href":"https:\/\/ppgec.poli.usp.br\/pb\/wp-json\/wp\/v2\/pages\/2883","targetHints":{"allow":["GET"]}}],"collection":[{"href":"https:\/\/ppgec.poli.usp.br\/pb\/wp-json\/wp\/v2\/pages"}],"about":[{"href":"https:\/\/ppgec.poli.usp.br\/pb\/wp-json\/wp\/v2\/types\/page"}],"author":[{"embeddable":true,"href":"https:\/\/ppgec.poli.usp.br\/pb\/wp-json\/wp\/v2\/users\/259"}],"replies":[{"embeddable":true,"href":"https:\/\/ppgec.poli.usp.br\/pb\/wp-json\/wp\/v2\/comments?post=2883"}],"version-history":[{"count":2,"href":"https:\/\/ppgec.poli.usp.br\/pb\/wp-json\/wp\/v2\/pages\/2883\/revisions"}],"predecessor-version":[{"id":3876,"href":"https:\/\/ppgec.poli.usp.br\/pb\/wp-json\/wp\/v2\/pages\/2883\/revisions\/3876"}],"up":[{"embeddable":true,"href":"https:\/\/ppgec.poli.usp.br\/pb\/wp-json\/wp\/v2\/pages\/982"}],"wp:attachment":[{"href":"https:\/\/ppgec.poli.usp.br\/pb\/wp-json\/wp\/v2\/media?parent=2883"}],"curies":[{"name":"wp","href":"https:\/\/api.w.org\/{rel}","templated":true}]}}