{"id":3038,"date":"2019-08-06T11:49:56","date_gmt":"2019-08-06T14:49:56","guid":{"rendered":"http:\/\/ppgec.poli.usp.br\/?page_id=3038"},"modified":"2021-10-13T10:28:40","modified_gmt":"2021-10-13T13:28:40","slug":"edicao-revisada-de-teses-e-dissertacoes","status":"publish","type":"page","link":"https:\/\/ppgec.poli.usp.br\/pb\/procedimentos-programa\/edicao-revisada-de-teses-e-dissertacoes\/","title":{"rendered":"Edi\u00e7\u00e3o revisada de teses e disserta\u00e7\u00f5es"},"content":{"rendered":"<p>As teses de Doutorado e as Disserta\u00e7\u00f5es de Mestrado defendidas na EPUSP passaram a ser pass\u00edveis de reedi\u00e7\u00e3o ap\u00f3s a defesa, N\u00c3O sendo permitida, entretanto, a altera\u00e7\u00e3o do t\u00edtulo do trabalho depositado originalmente na vers\u00e3o corrigida.<\/p>\n<p>O autor dever\u00e1 entregar, com a anu\u00eancia de seu orientador, no Servi\u00e7o de P\u00f3s-Gradua\u00e7\u00e3o, 1 exemplar padr\u00e3o \u201ccapa dura\u201d com um pen-drive com arquivo PDF contendo a disserta\u00e7\u00e3o\/tese revisada para grava\u00e7\u00e3o, dentro de um prazo m\u00e1ximo de 60 dias ap\u00f3s a defesa, os quais dever\u00e3o conter uma nova vers\u00e3o da Cataloga\u00e7\u00e3o na Publica\u00e7\u00e3o \u2013 Vers\u00e3o Corrigida \u2013 elaborada pela Divis\u00e3o de Biblioteca da EPUSP\u00a0 e solicitada atrav\u00e9s do formul\u00e1rio eletr\u00f4nico dispon\u00edvel em <a href=\"http:\/\/www.poli.usp.br\/pt\/bibliotecas\/servicos\/catalogacao-na-publicacao.html\">http:\/\/www.poli.usp.br\/pt\/bibliotecas\/servicos\/catalogacao-na-publicacao.html<\/a><strong> para obter a ficha em formato pdf, para impress\u00e3o e download.<\/strong><\/p>\n<p>Clique <a href=\"https:\/\/ppgec.poli.usp.br\/wp-content\/uploads\/sites\/277\/2021\/10\/Edicao-Revisada-Teses-Dissertacoes-com-resolucao-CoPGr-6018-14.doc\">aqui<\/a> e veja as diretrizes de formata\u00e7\u00e3o e demais informa\u00e7\u00f5es.<\/p>","protected":false},"excerpt":{"rendered":"<p>As teses de Doutorado e as Disserta\u00e7\u00f5es de Mestrado defendidas na EPUSP passaram a ser [&hellip;]<\/p>\n","protected":false},"author":259,"featured_media":0,"parent":1272,"menu_order":11,"comment_status":"closed","ping_status":"closed","template":"","meta":{"footnotes":"","_links_to":"","_links_to_target":""},"class_list":["post-3038","page","type-page","status-publish","hentry"],"_links":{"self":[{"href":"https:\/\/ppgec.poli.usp.br\/pb\/wp-json\/wp\/v2\/pages\/3038","targetHints":{"allow":["GET"]}}],"collection":[{"href":"https:\/\/ppgec.poli.usp.br\/pb\/wp-json\/wp\/v2\/pages"}],"about":[{"href":"https:\/\/ppgec.poli.usp.br\/pb\/wp-json\/wp\/v2\/types\/page"}],"author":[{"embeddable":true,"href":"https:\/\/ppgec.poli.usp.br\/pb\/wp-json\/wp\/v2\/users\/259"}],"replies":[{"embeddable":true,"href":"https:\/\/ppgec.poli.usp.br\/pb\/wp-json\/wp\/v2\/comments?post=3038"}],"version-history":[{"count":4,"href":"https:\/\/ppgec.poli.usp.br\/pb\/wp-json\/wp\/v2\/pages\/3038\/revisions"}],"predecessor-version":[{"id":4313,"href":"https:\/\/ppgec.poli.usp.br\/pb\/wp-json\/wp\/v2\/pages\/3038\/revisions\/4313"}],"up":[{"embeddable":true,"href":"https:\/\/ppgec.poli.usp.br\/pb\/wp-json\/wp\/v2\/pages\/1272"}],"wp:attachment":[{"href":"https:\/\/ppgec.poli.usp.br\/pb\/wp-json\/wp\/v2\/media?parent=3038"}],"curies":[{"name":"wp","href":"https:\/\/api.w.org\/{rel}","templated":true}]}}