{"id":361,"date":"2017-05-10T16:35:44","date_gmt":"2017-05-10T19:35:44","guid":{"rendered":"http:\/\/sites.usp.br\/ppgec\/?page_id=361"},"modified":"2026-03-26T15:46:06","modified_gmt":"2026-03-26T18:46:06","slug":"areas-de-concentracao","status":"publish","type":"page","link":"https:\/\/ppgec.poli.usp.br\/pb\/programa\/areas-de-concentracao\/","title":{"rendered":"\u00c1reas de Concentra\u00e7\u00e3o"},"content":{"rendered":"","protected":false},"excerpt":{"rendered":"","protected":false},"author":489,"featured_media":0,"parent":982,"menu_order":0,"comment_status":"closed","ping_status":"closed","template":"","meta":{"footnotes":"","_links_to":"","_links_to_target":""},"class_list":["post-361","page","type-page","status-publish","hentry"],"_links":{"self":[{"href":"https:\/\/ppgec.poli.usp.br\/pb\/wp-json\/wp\/v2\/pages\/361","targetHints":{"allow":["GET"]}}],"collection":[{"href":"https:\/\/ppgec.poli.usp.br\/pb\/wp-json\/wp\/v2\/pages"}],"about":[{"href":"https:\/\/ppgec.poli.usp.br\/pb\/wp-json\/wp\/v2\/types\/page"}],"author":[{"embeddable":true,"href":"https:\/\/ppgec.poli.usp.br\/pb\/wp-json\/wp\/v2\/users\/489"}],"replies":[{"embeddable":true,"href":"https:\/\/ppgec.poli.usp.br\/pb\/wp-json\/wp\/v2\/comments?post=361"}],"version-history":[{"count":2,"href":"https:\/\/ppgec.poli.usp.br\/pb\/wp-json\/wp\/v2\/pages\/361\/revisions"}],"predecessor-version":[{"id":6757,"href":"https:\/\/ppgec.poli.usp.br\/pb\/wp-json\/wp\/v2\/pages\/361\/revisions\/6757"}],"up":[{"embeddable":true,"href":"https:\/\/ppgec.poli.usp.br\/pb\/wp-json\/wp\/v2\/pages\/982"}],"wp:attachment":[{"href":"https:\/\/ppgec.poli.usp.br\/pb\/wp-json\/wp\/v2\/media?parent=361"}],"curies":[{"name":"wp","href":"https:\/\/api.w.org\/{rel}","templated":true}]}}