{"id":591,"date":"2017-05-18T13:09:30","date_gmt":"2017-05-18T16:09:30","guid":{"rendered":"http:\/\/sites.usp.br\/ppgec\/?page_id=591"},"modified":"2026-03-04T11:40:22","modified_gmt":"2026-03-04T14:40:22","slug":"bolsas-de-estudo","status":"publish","type":"page","link":"https:\/\/ppgec.poli.usp.br\/pb\/programa\/bolsas-de-estudo\/","title":{"rendered":"Bolsas de estudo"},"content":{"rendered":"<p><\/p>\n<div class=\"field field-name-body field-type-text-with-summary field-label-hidden\">\n<div class=\"field-items\">\n<div class=\"field-item even\">\n<h3><span style=\"color: #ff9900;\"><strong><u>Bolsa de mestrado e doutorado<\/u><\/strong><\/span><\/h3>\n<p>O Programa conta com uma cota de bolsas (CAPES e CNPq) para alunos de mestrado e doutorado, que \u00e9 distribu\u00edda segundo os crit\u00e9rios estabelecidos <a href=\"https:\/\/ppgec.poli.usp.br\/wp-content\/uploads\/sites\/277\/2026\/03\/PPGEC-Bolsas_2026.pdf\">neste documento<\/a>. S\u00e3o realizadas chamadas para bolsas, de acordo com a disponibilidade. Os valores e dura\u00e7\u00e3o de bolsas s\u00e3o estabelecidos pela CAPES e pelo CNPq.<\/p>\n<\/div>\n<\/div>\n<\/div>\n<p><\/p>","protected":false},"excerpt":{"rendered":"<p>Bolsa de mestrado e doutorado O Programa conta com uma cota de bolsas (CAPES e [&hellip;]<\/p>\n","protected":false},"author":259,"featured_media":0,"parent":982,"menu_order":2,"comment_status":"closed","ping_status":"closed","template":"","meta":{"footnotes":"","_links_to":"","_links_to_target":""},"class_list":["post-591","page","type-page","status-publish","hentry"],"_links":{"self":[{"href":"https:\/\/ppgec.poli.usp.br\/pb\/wp-json\/wp\/v2\/pages\/591","targetHints":{"allow":["GET"]}}],"collection":[{"href":"https:\/\/ppgec.poli.usp.br\/pb\/wp-json\/wp\/v2\/pages"}],"about":[{"href":"https:\/\/ppgec.poli.usp.br\/pb\/wp-json\/wp\/v2\/types\/page"}],"author":[{"embeddable":true,"href":"https:\/\/ppgec.poli.usp.br\/pb\/wp-json\/wp\/v2\/users\/259"}],"replies":[{"embeddable":true,"href":"https:\/\/ppgec.poli.usp.br\/pb\/wp-json\/wp\/v2\/comments?post=591"}],"version-history":[{"count":4,"href":"https:\/\/ppgec.poli.usp.br\/pb\/wp-json\/wp\/v2\/pages\/591\/revisions"}],"predecessor-version":[{"id":6746,"href":"https:\/\/ppgec.poli.usp.br\/pb\/wp-json\/wp\/v2\/pages\/591\/revisions\/6746"}],"up":[{"embeddable":true,"href":"https:\/\/ppgec.poli.usp.br\/pb\/wp-json\/wp\/v2\/pages\/982"}],"wp:attachment":[{"href":"https:\/\/ppgec.poli.usp.br\/pb\/wp-json\/wp\/v2\/media?parent=591"}],"curies":[{"name":"wp","href":"https:\/\/api.w.org\/{rel}","templated":true}]}}