{"id":603,"date":"2017-05-23T14:38:43","date_gmt":"2017-05-23T17:38:43","guid":{"rendered":"http:\/\/sites.usp.br\/ppgec\/?page_id=603"},"modified":"2026-03-26T10:55:05","modified_gmt":"2026-03-26T13:55:05","slug":"formularios-para-discentes","status":"publish","type":"page","link":"https:\/\/ppgec.poli.usp.br\/pb\/formularios-para-discentes\/","title":{"rendered":"Formul\u00e1rios para discentes"},"content":{"rendered":"<p><span style=\"color: #ff0000;\">*AVISO: em caso de dificuldades para download dos arquivos, utilize o Internet Explorer<\/span><\/p>\n<p><span style=\"color: #ff9900;\"><strong>Matr\u00edcula<\/strong><\/span><\/p>\n<p><a href=\"https:\/\/ppgec.poli.usp.br\/wp-content\/uploads\/sites\/277\/2025\/01\/requerimento_matricula.doc\">Requerimento de Matr\u00edcula<\/a><\/p>\n<p><a href=\"\/\/sites.usp.br\/ppgec\/wp-content\/uploads\/sites\/277\/2017\/05\/formul\u00e1rio-de-retifica\u00e7\u00e3o-de-matricula-timbre-novo_0.doc\">Formul\u00e1rio de Retifica\u00e7\u00e3o de matr\u00edcula &#8211; inclus\u00e3o e exclus\u00e3o de disciplinas<\/a><\/p>\n<p><a href=\"http:\/\/ppgec.poli.usp.br\/wp-content\/uploads\/sites\/277\/2019\/06\/Declara\u00e7\u00e3o-de-originalidade.doc\">Termo de originalidade<\/a><\/p>\n<p><strong><span style=\"color: #ff9900;\">Assuntos diversos<\/span><\/strong><\/p>\n<p><a href=\"https:\/\/ppgec.poli.usp.br\/wp-content\/uploads\/sites\/277\/2025\/08\/Pedido-de-Prorrogacao.docx\">Pedido de Prorroga\u00e7\u00e3o de Prazo de Dep\u00f3sito<\/a><\/p>\n<p><a href=\"https:\/\/ppgec.poli.usp.br\/wp-content\/uploads\/sites\/277\/2023\/10\/Formulario-Solicitacaoalunoregular_aproveitamento-de-creditos2020.docx\">Solicita\u00e7\u00e3o de matr\u00edcula como aluno regular e aproveitamento de cr\u00e9ditos cursados como aluno especial<\/a><\/p>\n<p><a href=\"\/\/sites.usp.br\/ppgec\/wp-content\/uploads\/sites\/277\/2017\/05\/Formulario-Transferencia-Orientador.doc\">Transfer\u00eancia de Orientador<\/a><\/p>\n<p><a href=\"https:\/\/ppgec.poli.usp.br\/wp-content\/uploads\/sites\/277\/2025\/06\/FormularioTrancamento.doc\">Solicita\u00e7\u00e3o de Trancamento de Matr\u00edcula<\/a><\/p>\n<p><a href=\"\/\/sites.usp.br\/ppgec\/wp-content\/uploads\/sites\/277\/2017\/05\/Formul\u00e1rio-de-aproveitamento-de-cr\u00e9ditos-cursados-fora-da-USP.doc\">Solicita\u00e7\u00e3o de Aproveitamento de Cr\u00e9ditos &#8211; Disciplinas Cursadas Fora da USP<\/a><\/p>\n<p><a href=\"\/\/sites.usp.br\/ppgec\/wp-content\/uploads\/sites\/277\/2017\/05\/Formulario-AproveitoCreditosCursadoComoAlunoEspecial-3.doc\">Solicita\u00e7\u00e3o de Aproveitamento de Cr\u00e9ditos cursados como Aluno Especial<\/a><\/p>\n<p><a href=\"\/\/sites.usp.br\/ppgec\/wp-content\/uploads\/sites\/277\/2017\/05\/SolicitacaoDesligamentoPrograma.doc\">Solicita\u00e7\u00e3o de Desligamento de Aluno do Programa de P\u00f3s-Gradua\u00e7\u00e3o<\/a><\/p>\n<p><a href=\"\/\/sites.usp.br\/ppgec\/wp-content\/uploads\/sites\/277\/2017\/05\/Formul\u00c3\u00a1rio-creditos_especiais-novo-regimento-04_2010.doc\">Solicita\u00e7\u00e3o de Atribui\u00e7\u00e3o de Cr\u00e9ditos Especiais &#8211; Regimento de 2009 a 2013<\/a><\/p>\n<p><a href=\"\/\/sites.usp.br\/ppgec\/wp-content\/uploads\/sites\/277\/2017\/05\/Formul\u00c3\u00a1rio-creditos_especiais-novissimo-regimentoNOVO.doc\">Solicita\u00e7\u00e3o de Atribui\u00e7\u00e3o de Cr\u00e9ditos Especiais &#8211; Regimento em vigor a partir de 2013<\/a><\/p>\n<p><a href=\"http:\/\/ppgec.poli.usp.br\/wp-content\/uploads\/sites\/277\/2017\/05\/Formul\u00e1rio-para-Inscri\u00e7\u00e3o-exame-de-qualifica\u00e7\u00e3o.doc\">Formul\u00e1rio para Inscri\u00e7\u00e3o exame de qualifica\u00e7\u00e3o<\/a><\/p>\n<p><a href=\"\/\/ppgec.poli.usp.br\/wp-content\/uploads\/sites\/277\/2017\/05\/ficha_de_avaliacao_supervisor-1.doc\">PAE &#8211; Relat\u00f3rio do Supervisor<\/a><\/p>\n<p><a href=\"\/\/ppgec.poli.usp.br\/wp-content\/uploads\/sites\/277\/2017\/05\/relatorio_do_estagiario_pae-1.doc\">PAE &#8211; Relat\u00f3rio do Aluno<\/a><\/p>\n<p><a href=\"http:\/\/ppgec.poli.usp.br\/wp-content\/uploads\/sites\/277\/2017\/05\/Autoriza\u00e7\u00e3o-Entrada-CAEC.doc\">Pedido de acesso ao pr\u00e9dio aos fins de semana<\/a><\/p>\n<p><a href=\"https:\/\/ppgec.poli.usp.br\/wp-content\/uploads\/sites\/277\/2022\/09\/Mudanca-de-regimento_regulamento-PPGEC_2022.doc\">Pedido de mudan\u00e7a de Regulamento do Programa (Circ. 8311, de 01\/09\/2022)<\/a><\/p>\n<p><span style=\"color: #ff9900;\"><strong>Dep\u00f3sito<br \/>\n<\/strong><\/span><\/p>\n<p><a href=\"https:\/\/ppgec.poli.usp.br\/wp-content\/uploads\/sites\/277\/2025\/08\/Formulario_Deposito_Dissertacao_Tese_PPGEC-2025.docx\">Formul\u00e1rio de Dep\u00f3sito da Disserta\u00e7\u00e3o ou Tese e Autoriza\u00e7\u00e3o da CCP<\/a><\/p>\n<p><a href=\"http:\/\/www.poli.usp.br\/images\/stories\/media\/download\/bibliotecas\/DiretrizesTesesDissertacoes.pdf\">Orienta\u00e7\u00f5es para elabora\u00e7\u00e3o de disserta\u00e7\u00f5es e teses<\/a><\/p>\n<p><a href=\"http:\/\/ppgec.poli.usp.br\/procedimentos-programa\/procedimentos-para-defesas\/\">Padroniza\u00e7\u00e3o dos Exemplares de Disserta\u00e7\u00e3o\/Tese<\/a><\/p>\n<p><a href=\"\/\/sites.usp.br\/ppgec\/wp-content\/uploads\/sites\/277\/2017\/05\/EDI\u00c7\u00c3O-REVISADA-orienta\u00e7\u00f5es-para-o-aluno-nova-vers\u00e3o-1.doc\">Procedimentos para a Edi\u00e7\u00e3o Revisada de Teses e Disserta\u00e7\u00f5es<\/a><\/p>\n<p><a href=\"http:\/\/ppgec.poli.usp.br\/wp-content\/uploads\/sites\/277\/2019\/06\/Declara\u00e7\u00e3o-de-originalidade.doc\">Termo de originalidade\/ Relat\u00f3rio de Pl\u00e1gio<\/a><\/p>\n<p><span style=\"color: #ff9900;\"><strong>Defesa<\/strong><\/span><\/p>\n<p><a href=\"https:\/\/ppgec.poli.usp.br\/wp-content\/uploads\/sites\/277\/2023\/06\/Declaracao-de-Participacao-MODALIDADE-DE-DEFESA8.doc\">Declara\u00e7\u00e3o de modalidade de participa\u00e7\u00e3o em bancas (presencial\/h\u00edbrida\/remota)<\/a><\/p>\n<p><span style=\"color: #ff9900;\"><strong>Aux\u00edlio Financeiro<\/strong><\/span><\/p>\n<p>Verba PROEX &#8211; <a href=\"https:\/\/ppgec.poli.usp.br\/wp-content\/uploads\/sites\/277\/2023\/06\/Verba-PROEX-Formulario-de-Solicitacao-de-Verba.xlsx\">Aux\u00edlio Financeiro \u2013 Formul\u00e1rio de Solicita\u00e7\u00e3o de Verba<\/a><\/p>\n<p>Verba PROEX &#8211; <a href=\"https:\/\/ppgec.poli.usp.br\/wp-content\/uploads\/sites\/277\/2023\/06\/Auxilio-Financeiro-Termo-de-Responsabilidade.doc\">Aux\u00edlio Financeiro \u2013 Termo de Responsabilidade<\/a><\/p>\n<p>Verba PROEX &#8211; <a href=\"https:\/\/ppgec.poli.usp.br\/wp-content\/uploads\/sites\/277\/2023\/06\/Auxilio-Financeiro-Termo-de-Compromisso-para-Pagamento-Antecipado.doc\">Aux\u00edlio Financeiro \u2013 Termo de Compromisso para Pagamento<\/a><a href=\"https:\/\/ppgec.poli.usp.br\/wp-content\/uploads\/sites\/277\/2023\/06\/Auxilio-Financeiro-Termo-de-Compromisso-para-Pagamento-Antecipado.doc\"> Antecipado<\/a><\/p>\n<p>Verba PROEX &#8211; <a href=\"https:\/\/ppgec.poli.usp.br\/wp-content\/uploads\/sites\/277\/2023\/06\/Auxilio-Financeiro-Recibo-Modelo-A.doc\">formul\u00e1rio Aux\u00edlio Financeiro \u2013 Recibo \u2013 Modelo A<\/a><\/p>\n<p>Verba PROEX &#8211; <a href=\"https:\/\/ppgec.poli.usp.br\/wp-content\/uploads\/sites\/277\/2023\/06\/Auxilio-Financeiro-Relatorio-de-Viagem.docx\">formul\u00e1rio Aux\u00edlio Financeiro \u2013 Relat\u00f3rio de Viagem<\/a><\/p>\n<p><a href=\"http:\/\/ppgec.poli.usp.br\/wp-content\/uploads\/sites\/277\/2017\/07\/ficha_de_inscricao_bolsa_de_estudos_-2.doc\">Formul\u00e1rio de inscri\u00e7\u00e3o para bolsa de estudo CAPES\/CNPq<\/a><\/p>\n<p>Passe Escolar &#8211; <a href=\"http:\/\/ppgec.poli.usp.br\/wp-content\/uploads\/sites\/277\/2019\/09\/Modelo-de-Declara\u00e7\u00e3o-SP-Trans-novo-com-timbre.docx\" target=\"_blank\" rel=\"noopener noreferrer\">Formul\u00e1rio para solicita\u00e7\u00e3o de passe escolar<\/a><\/p>","protected":false},"excerpt":{"rendered":"<p>*AVISO: em caso de dificuldades para download dos arquivos, utilize o Internet Explorer Matr\u00edcula Requerimento [&hellip;]<\/p>\n","protected":false},"author":259,"featured_media":0,"parent":0,"menu_order":4,"comment_status":"closed","ping_status":"closed","template":"","meta":{"footnotes":"","_links_to":"","_links_to_target":""},"class_list":["post-603","page","type-page","status-publish","hentry"],"_links":{"self":[{"href":"https:\/\/ppgec.poli.usp.br\/pb\/wp-json\/wp\/v2\/pages\/603","targetHints":{"allow":["GET"]}}],"collection":[{"href":"https:\/\/ppgec.poli.usp.br\/pb\/wp-json\/wp\/v2\/pages"}],"about":[{"href":"https:\/\/ppgec.poli.usp.br\/pb\/wp-json\/wp\/v2\/types\/page"}],"author":[{"embeddable":true,"href":"https:\/\/ppgec.poli.usp.br\/pb\/wp-json\/wp\/v2\/users\/259"}],"replies":[{"embeddable":true,"href":"https:\/\/ppgec.poli.usp.br\/pb\/wp-json\/wp\/v2\/comments?post=603"}],"version-history":[{"count":4,"href":"https:\/\/ppgec.poli.usp.br\/pb\/wp-json\/wp\/v2\/pages\/603\/revisions"}],"predecessor-version":[{"id":6755,"href":"https:\/\/ppgec.poli.usp.br\/pb\/wp-json\/wp\/v2\/pages\/603\/revisions\/6755"}],"wp:attachment":[{"href":"https:\/\/ppgec.poli.usp.br\/pb\/wp-json\/wp\/v2\/media?parent=603"}],"curies":[{"name":"wp","href":"https:\/\/api.w.org\/{rel}","templated":true}]}}