{"id":6050,"date":"2025-04-11T15:37:29","date_gmt":"2025-04-11T18:37:29","guid":{"rendered":"https:\/\/ppgec.poli.usp.br\/?page_id=6050"},"modified":"2025-04-11T16:56:42","modified_gmt":"2025-04-11T19:56:42","slug":"catalogo-de-disciplinas-do-programa","status":"publish","type":"page","link":"https:\/\/ppgec.poli.usp.br\/pb\/catalogo-de-disciplinas-do-programa\/","title":{"rendered":"Cat\u00e1logo de Disciplinas do Programa"},"content":{"rendered":"<p><strong>A seguir, apresenta-se uma \u00e1rea de concentra\u00e7\u00e3o do programa em cada linha de pesquisa. Destaca-se que, al\u00e9m das disciplinas oferecidas pelo PPGEC, os alunos t\u00eam a oportunidade de cursar disciplinas de outros PPGs da USP, ampliando sua forma\u00e7\u00e3o em temas fundamentais ou emergentes.<\/strong><\/p>\n<p><strong>Para consultar a ementa de uma disciplina, acesse este link [<\/strong><b><a href=\"https:\/\/uspdigital.usp.br\/janus\/componente\/catalogoDisciplinasInicial.jsf\">https:\/\/uspdigital.usp.br\/janus\/componente\/catalogoDisciplinasInicial.jsf<\/a><\/b><strong style=\"font-size: inherit; font-family: var( --e-global-typography-text-font-family ), Sans-serif;\">].<\/strong><\/p>\n<table style=\"border-collapse: collapse; width: 100%; height: 216px;\">\n<tbody>\n<tr style=\"height: 48px;\">\n<td style=\"width: 100%; height: 48px;\"><strong>Engenharia de Constru\u00e7\u00e3o Civil e Urbana<\/strong><\/td>\n<\/tr>\n<tr style=\"height: 24px;\">\n<td style=\"width: 100%; height: 24px;\">\n<ul>\n<li>PCC5726 &#8211; Princ\u00edpios da Ci\u00eancia dos Materiais Aplicados aos Materiais de Constru\u00e7\u00e3o Civil<\/li>\n<li>PCC6000 &#8211; T\u00e9cnicas de caracteriza\u00e7\u00e3o aplicadas a materiais de constru\u00e7\u00e3o civil<\/li>\n<li>PCC5100 \u2013 Sustentabilidade: Mudan\u00e7a Clim\u00e1tica, Efici\u00eancia do Uso de Recursos, An\u00e1lise Simplificada do Ciclo de Vida e Fluxo de Materiais, os Usu\u00e1rios, e Inova\u00e7\u00e3o<\/li>\n<li>PCC5021 &#8211; Concreto Projetado<\/li>\n<li>PCC5042 &#8211; Ci\u00eancia dos Materiais Aplicada aos Ligantes Inorg\u00e2nicos<\/li>\n<li>PCC5025 &#8211; M\u00e9todos Num\u00e9ricos para Simula\u00e7\u00e3o Computacional Aplicado \u00e0 Constru\u00e7\u00e3o<\/li>\n<li>PC5101 &#8211; Reologia de Suspens\u00f5es Reativas Aplicadas \u00e0 Constru\u00e7\u00e3o Civil<\/li>\n<li>PCC4100 &#8211; Ci\u00eancia e Tecnologia Aplicada ao Cimento Portland e outros Ligantes Inorg\u00e2nicos<\/li>\n<li>PCC6005 &#8211; Gest\u00e3o da Habita\u00e7\u00e3o Social<\/li>\n<li>PCC5017 &#8211; Gest\u00e3o do Processo de Projeto na Constru\u00e7\u00e3o Civil<\/li>\n<li>PCC5729 &#8211; Comp\u00f3sitos de Matrizes Ciment\u00edcias para a Constru\u00e7\u00e3o Civil<\/li>\n<li>PCC6001 &#8211; Sustentabilidade Aplicada ao Planejamento e Desenvolvimento Urbano<\/li>\n<li>PCC6004 &#8211; Avan\u00e7os em Corros\u00e3o em Estruturas de Concreto Armado<\/li>\n<\/ul>\n<\/td>\n<\/tr>\n<tr style=\"height: 24px;\">\n<td style=\"width: 100%; height: 24px;\"><strong>Engenharia de Estruturas<\/strong><\/td>\n<\/tr>\n<tr style=\"height: 24px;\">\n<td style=\"width: 100%; height: 24px;\">\n<ul>\n<li>PEF5917 &#8211; Elementos de mec\u00e2nica dos s\u00f3lidos deform\u00e1veis<\/li>\n<li>PEF5711 &#8211; Fundamentos da mec\u00e2nica computacional<\/li>\n<li>PEF5710 &#8211; Otimiza\u00e7\u00e3o Estrutural<\/li>\n<li>PEF5745 &#8211; Concreto Estrutural I<\/li>\n<li>PEF5916 &#8211; Din\u00e2mica de Estabilidade das Estruturas<\/li>\n<li>PEF5743 &#8211; Computa\u00e7\u00e3o Gr\u00e1fica Aplicada \u00e0 Engenharia de Estruturas<\/li>\n<li>PEF5920 &#8211; Fundamentos do Concreto Estrutural<\/li>\n<li>PEF5762 &#8211; M\u00e9todo dos Elementos Finitos<\/li>\n<li>PEF5734 &#8211; Fundamentos das Estruturas de A\u00e7o<\/li>\n<li>PEF5750 &#8211; Estruturas Leves<\/li>\n<li>PEF5918 &#8211; Fundamentos da Mec\u00e2nica dos S\u00f3lidos e das Estruturas<\/li>\n<li>PEF5705 &#8211; Dimensionamento de Estruturas em Situa\u00e7\u00e3o de Inc\u00eandio<\/li>\n<li>PEF5738 &#8211; A\u00e7\u00f5es e Seguran\u00e7a das Estruturas<\/li>\n<li>PEF5746 &#8211; Concreto Estrutural II<\/li>\n<li>PEF6006 &#8211; M\u00e9todos Num\u00e9ricos para a Simula\u00e7\u00e3o da Intera\u00e7\u00e3o Fluido-Estrutura<\/li>\n<li>PEF5737 \u2013 Din\u00e2mica n\u00e3o linear e estabilidade<\/li>\n<li>PEF6000 &#8211; T\u00f3picos Especiais em Din\u00e2mica de Estruturas<\/li>\n<li>PEF6007 &#8211; Projeto e Verifica\u00e7\u00e3o de Estruturas de Madeira<\/li>\n<li>PEF6101 &#8211; Situa\u00e7\u00f5es Especiais de Dimensionamento de Elementos de Estruturas Subterr\u00e2neas<\/li>\n<li>PEF5713 &#8211; M\u00e9todos dos Elementos Finitos Aplicados \u00e0 An\u00e1lise n\u00e3o Linear de S\u00f3lidos e Estruturas<\/li>\n<li>PEF5799 &#8211; Infraestrutura Ferrovi\u00e1ria: Modela\u00e7\u00e3o e Monitoriza\u00e7\u00e3o<\/li>\n<li>PEF6005 &#8211; Monitoramento e Integridade Estrutural e Geot\u00e9cnico de Obras de Infraestrutura<\/li>\n<li>PEF6100 &#8211; Projeto de estruturas de edif\u00edcios de concreto armado de baixo carbono<\/li>\n<\/ul>\n<\/td>\n<\/tr>\n<tr style=\"height: 24px;\">\n<td style=\"width: 100%; height: 24px;\"><strong>Engenharia Geot\u00e9cnica<\/strong><\/td>\n<\/tr>\n<tr style=\"height: 24px;\">\n<td style=\"width: 100%; height: 24px;\">\n<ul>\n<li>PEF5876 &#8211; Geotecnia dos Solos Marinhos da Baixada Santista<\/li>\n<li>PEF5827 &#8211; Estabilidade e Estabiliza\u00e7\u00e3o de Taludes Aplicados em Obras de Infraestrutura<\/li>\n<li>PEF5874 &#8211; Conceitos e Aplica\u00e7\u00f5es de Mec\u00e2nica dos Solos N\u00e3o Saturados em Obras de Infraestrutura Geot\u00e9cnica<\/li>\n<li>PEF5821 &#8211; Estacas Verticais Submetidas a Esfor\u00e7os Axiais<\/li>\n<li>PEF5805 \u2013 Percola\u00e7\u00e3o e Adensamento<\/li>\n<li>PEF5829 &#8211; Ensaios In Situ e Instrumenta\u00e7\u00e3o de Obras<\/li>\n<li>PEF5877 &#8211; Fundamentos de Mec\u00e2nica das Rochas<\/li>\n<li>PEF5802 &#8211; Mec\u00e2nica dos Solos Experimental<\/li>\n<li>PEF5803 &#8211; Resist\u00eancia e Deformabilidade dos Solos<\/li>\n<li>PEF5879 &#8211; Risco e Confiabilidade em Engenharia Geot\u00e9cnica I<\/li>\n<\/ul>\n<\/td>\n<\/tr>\n<tr style=\"height: 24px;\">\n<td style=\"width: 100%; height: 24px;\"><strong>Engenharia Hidr\u00e1ulica e Ambiental<\/strong><\/td>\n<\/tr>\n<tr style=\"height: 24px;\">\n<td style=\"width: 100%; height: 24px;\">\n<ul>\n<li>PHD5010 &#8211; Fundamentos de Qu\u00edmica Aqu\u00e1tica e Qualidade da \u00c1gua<\/li>\n<li>PHD5014 &#8211; Tratamento de \u00c1guas Residu\u00e1rias: Processos Aer\u00f3bios e Remo\u00e7\u00e3o de Nutrientes<\/li>\n<li>PHD5015 &#8211; Processos Anaer\u00f3bios para Tratamento de Efluentes e Res\u00edduos: Inova\u00e7\u00f5es e Oportunidades para Recupera\u00e7\u00e3o de Recursos<\/li>\n<li>PHD5036 &#8211; Modelagem de Processos Hidrol\u00f3gicos<\/li>\n<li>PHD5752 &#8211; Processos Mar\u00edtimos<\/li>\n<li>PHD5745 &#8211; Processos F\u00edsico-Qu\u00edmicos em Engenharia Sanit\u00e1ria e Ambiental I<\/li>\n<li>PHD5053 &#8211; Processos de Separa\u00e7\u00e3o por Membranas para Tratamento de \u00c1guas e Efluente<\/li>\n<li>PHD5706 &#8211; Estruturas Hidr\u00e1ulicas I<\/li>\n<li>PHD5751 &#8211; Obras Mar\u00edtimas<\/li>\n<li>PHD5746 &#8211; Processos F\u00edsico-qu\u00edmicos em Engenharia Sanit\u00e1ria E Ambiental II<\/li>\n<li>PHD5753 &#8211; Impacto das Mudan\u00e7as Clim\u00e1ticas nos Projetos de Obras Mar\u00edtimas<\/li>\n<li>PHD5956 &#8211; Tecnologias de Tratamento de Res\u00edduos S\u00f3lidos<\/li>\n<li>PHD5919 &#8211; Modelagem de Qualidade da \u00c1gua<\/li>\n<li>PHD5813 &#8211; Minerva e a Coruja: Filosofia, Engenharia e Sociedade na Encruzilhada Tecnocient\u00edfica<\/li>\n<li>PHD5013 &#8211; Hidrologia Determin\u00edstica<\/li>\n<li>PHD5709 &#8211; Engenharia de Rios I<\/li>\n<\/ul>\n<\/td>\n<\/tr>\n<\/tbody>\n<\/table>\n","protected":false},"excerpt":{"rendered":"<p>A seguir, apresenta-se uma \u00e1rea de concentra\u00e7\u00e3o do programa em cada linha de pesquisa. Destaca-se [&hellip;]<\/p>\n","protected":false},"author":485,"featured_media":0,"parent":0,"menu_order":0,"comment_status":"closed","ping_status":"closed","template":"","meta":{"footnotes":"","_links_to":"","_links_to_target":""},"class_list":["post-6050","page","type-page","status-publish","hentry"],"_links":{"self":[{"href":"https:\/\/ppgec.poli.usp.br\/pb\/wp-json\/wp\/v2\/pages\/6050","targetHints":{"allow":["GET"]}}],"collection":[{"href":"https:\/\/ppgec.poli.usp.br\/pb\/wp-json\/wp\/v2\/pages"}],"about":[{"href":"https:\/\/ppgec.poli.usp.br\/pb\/wp-json\/wp\/v2\/types\/page"}],"author":[{"embeddable":true,"href":"https:\/\/ppgec.poli.usp.br\/pb\/wp-json\/wp\/v2\/users\/485"}],"replies":[{"embeddable":true,"href":"https:\/\/ppgec.poli.usp.br\/pb\/wp-json\/wp\/v2\/comments?post=6050"}],"version-history":[{"count":4,"href":"https:\/\/ppgec.poli.usp.br\/pb\/wp-json\/wp\/v2\/pages\/6050\/revisions"}],"predecessor-version":[{"id":6060,"href":"https:\/\/ppgec.poli.usp.br\/pb\/wp-json\/wp\/v2\/pages\/6050\/revisions\/6060"}],"wp:attachment":[{"href":"https:\/\/ppgec.poli.usp.br\/pb\/wp-json\/wp\/v2\/media?parent=6050"}],"curies":[{"name":"wp","href":"https:\/\/api.w.org\/{rel}","templated":true}]}}