{"id":984,"date":"2017-06-07T14:04:46","date_gmt":"2017-06-07T17:04:46","guid":{"rendered":"http:\/\/sites.usp.br\/ppgec\/?page_id=984"},"modified":"2017-06-19T18:00:25","modified_gmt":"2017-06-19T21:00:25","slug":"historia","status":"publish","type":"page","link":"https:\/\/ppgec.poli.usp.br\/pb\/programa\/historia\/","title":{"rendered":"Hist\u00f3ria"},"content":{"rendered":"<p>O Programa de P\u00f3s-Gradua\u00e7\u00e3o em Engenharia Civil forma Mestres e Doutores desde 1970, nas \u00e1reas de Constru\u00e7\u00e3o Civil, Estruturas, Engenharia Geot\u00e9cnica e Hidr\u00e1ulica.<\/p>\n<p>A Escola Polit\u00e9cnica da USP foi criada em 24 de agosto de 1893 e se destacou na forma\u00e7\u00e3o dos seus alunos, implanta\u00e7\u00e3o de laborat\u00f3rios e pesquisas. A p\u00f3s-gradua\u00e7\u00e3o foi implantada na EPUSP na d\u00e9cada de 60, sendo anterior ao Parecer 977\/65 do Conselho Federal de Educa\u00e7\u00e3o e por isso, definiu muitas das caracter\u00edsticas dos demais cursos de mestrado e doutorado em todo Brasil.<br \/>\nOs docentes do Programa se destacaram tanto na Engenharia e Pesquisa, como tamb\u00e9m em atividades administrativas.<\/p>\n<p>Na \u00e1rea de Engenharia Geot\u00e9cnica v\u00e1rios dos ex-presidentes da Associa\u00e7\u00e3o Brasileira de Mec\u00e2nica dos Solos e Engenharia\u00a0Geot\u00e9cnica\u00a0foram ou s\u00e3o docentes do programa, como por exemplo os professores: Milton Vargas, Victor de Mello, Carlos de Sousa Pinto, Fai\u00e7al Massad, Waldemar Hachich. O Prof. Victor de Mello foi inclusive presidente da Associa\u00e7\u00e3o Internacional de Mec\u00e2nica dos Solos e Engenharia Geot\u00e9cnica.<\/p>\n<p>Na \u00e1rea de estruturas temos exemplos expoentes na engenharia nacional como os dos Profs. Tel\u00eamaco Langendonck, D\u00e9cio Leal de Zagottis, Lauro Modesto dos Santos, P\u00e9ricles Brasiliense Fusco, Vitor Souza Lima e tantos outros que muito colaboraram para engenharia do nosso pa\u00eds, por meio de seu trabalho de pesquisa e de suas aplica\u00e7\u00f5es em grandes obras no pa\u00eds e no exterior.<\/p>\n<p>A Engenharia Hidr\u00e1ulica e Sanit\u00e1ria sempre foi considerada uma das \u00e1reas de maior atua\u00e7\u00e3o da Escola Polit\u00e9cnica da Universidade de S\u00e3o Paulo, sendo que praticamente a maior parte das estruturas hidr\u00e1ulicas que comp\u00f5em o parque gerador de energia el\u00e9trica do Estado de S\u00e3o Paulo foi concebido e estudado no Centro Tecnol\u00f3gico de Hidr\u00e1ulica. Dentre os profissionais de maior destaque, pode-se citar os Professores Lucas Nogueira Garcez (ex-governador do Estado de S\u00e3o Paulo de 1951 a 1955), Jos\u00e9 Augusto Martins, Kokei Uehara e Carlito Fl\u00e1vio Pimenta. A \u00e1rea de Saneamento B\u00e1sico orgulha-se de ter como representantes os Professores Jos\u00e9 Martiniano de Azevedo Neto, Eduardo Ryomei Yassuda (ex-Secret\u00e1rio de Estado de 1967 a 1971) e Benoit de Almeida Victoretti (ex-prefeito de S\u00e3o Jos\u00e9 dos Campos de 1951 a 1954), sendo estes respons\u00e1veis pela moderniza\u00e7\u00e3o da \u00e1rea de saneamento b\u00e1sico no Brasil e respons\u00e1veis pela concep\u00e7\u00e3o dos principais sistemas de abastecimento de \u00e1gua e sistemas de coleta e afastamento de esgotos sanit\u00e1rios da maioria das cidades do Estado de S\u00e3o Paulo.<\/p>","protected":false},"excerpt":{"rendered":"<p>O Programa de P\u00f3s-Gradua\u00e7\u00e3o em Engenharia Civil forma Mestres e Doutores desde 1970, nas \u00e1reas [&hellip;]<\/p>\n","protected":false},"author":489,"featured_media":0,"parent":982,"menu_order":0,"comment_status":"closed","ping_status":"closed","template":"","meta":{"footnotes":"","_links_to":"","_links_to_target":""},"class_list":["post-984","page","type-page","status-publish","hentry"],"_links":{"self":[{"href":"https:\/\/ppgec.poli.usp.br\/pb\/wp-json\/wp\/v2\/pages\/984","targetHints":{"allow":["GET"]}}],"collection":[{"href":"https:\/\/ppgec.poli.usp.br\/pb\/wp-json\/wp\/v2\/pages"}],"about":[{"href":"https:\/\/ppgec.poli.usp.br\/pb\/wp-json\/wp\/v2\/types\/page"}],"author":[{"embeddable":true,"href":"https:\/\/ppgec.poli.usp.br\/pb\/wp-json\/wp\/v2\/users\/489"}],"replies":[{"embeddable":true,"href":"https:\/\/ppgec.poli.usp.br\/pb\/wp-json\/wp\/v2\/comments?post=984"}],"version-history":[{"count":3,"href":"https:\/\/ppgec.poli.usp.br\/pb\/wp-json\/wp\/v2\/pages\/984\/revisions"}],"predecessor-version":[{"id":1178,"href":"https:\/\/ppgec.poli.usp.br\/pb\/wp-json\/wp\/v2\/pages\/984\/revisions\/1178"}],"up":[{"embeddable":true,"href":"https:\/\/ppgec.poli.usp.br\/pb\/wp-json\/wp\/v2\/pages\/982"}],"wp:attachment":[{"href":"https:\/\/ppgec.poli.usp.br\/pb\/wp-json\/wp\/v2\/media?parent=984"}],"curies":[{"name":"wp","href":"https:\/\/api.w.org\/{rel}","templated":true}]}}